{"id":9,"date":"2025-11-20T14:04:09","date_gmt":"2025-11-20T17:04:09","guid":{"rendered":"https:\/\/inovaengenharia.com\/?page_id=9"},"modified":"2025-11-20T14:04:09","modified_gmt":"2025-11-20T17:04:09","slug":"politica-de-privacidade","status":"publish","type":"page","link":"https:\/\/inovaengenharia.com\/?page_id=9","title":{"rendered":"Pol\u00edtica de privacidade"},"content":{"rendered":"\n<h2 class=\"wp-block-heading\">Quem somos<\/h2>\n\n\n\n<p style=\"font-size:18px\">O endere\u00e7o do nosso site \u00e9: <a href=\"https:\/\/inovaengenharia.com\" target=\"_blank\" rel=\"noreferrer noopener\"><strong>https:\/\/inovaengenharia.com<\/strong><\/a>. Somos uma iniciativa de extens\u00e3o acad\u00eamica vinculada ao curso de Engenharia Civil da Christus Faculdade do Piau\u00ed (CHRISFAPI), focada em disseminar conhecimentos sobre BIM e Engenharia 4.0.<\/p>\n\n\n\n<p class=\"has-medium-font-size\"><strong>Coleta de Dados e Formul\u00e1rios<\/strong> <\/p>\n\n\n\n<p style=\"font-size:18px\">Quando voc\u00ea utiliza nosso formul\u00e1rio de &#8220;Contato&#8221; ou &#8220;Submiss\u00e3o de Projetos&#8221;, coletamos dados como seu nome, e-mail e telefone. Essas informa\u00e7\u00f5es s\u00e3o utilizadas estritamente para:<\/p>\n\n\n\n<ul class=\"wp-block-list\">\n<li style=\"font-size:18px\">Responder \u00e0s suas d\u00favidas.<\/li>\n\n\n\n<li style=\"font-size:18px\">Realizar a curadoria e entrar em contato sobre os projetos submetidos.<\/li>\n\n\n\n<li style=\"font-size:18px\">Atribuir os cr\u00e9ditos de autoria aos projetos publicados no portal. N\u00e3o vendemos nem compartilhamos seus dados pessoais com terceiros para fins de marketing.<\/li>\n<\/ul>\n\n\n\n<p class=\"has-medium-font-size\"><strong>M\u00eddia e Projetos<\/strong> <\/p>\n\n\n\n<p style=\"font-size:18px\">Ao enviar imagens ou arquivos de projetos para o site, certifique-se de que voc\u00ea possui os direitos autorais sobre eles. Evite enviar imagens que contenham dados de localiza\u00e7\u00e3o incorporados (EXIF GPS) se desejar manter a privacidade do local da foto. Visitantes do site podem baixar estas imagens.<\/p>\n\n\n\n<p class=\"has-medium-font-size\"><strong>Cookies<\/strong><\/p>\n\n\n\n<p style=\"font-size:18px\">Ao deixar um coment\u00e1rio ou se logar no site (caso tenha uma conta de editor), cookies tempor\u00e1rios ser\u00e3o configurados para salvar suas informa\u00e7\u00f5es de exibi\u00e7\u00e3o e login.<\/p>\n\n\n\n<ul class=\"wp-block-list\">\n<li style=\"font-size:18px\"><strong>Cookies de login:<\/strong> Duram dois dias.<\/li>\n\n\n\n<li style=\"font-size:18px\"><strong>Op\u00e7\u00f5es de tela:<\/strong> Duram um ano.<\/li>\n\n\n\n<li style=\"font-size:18px\"><strong>Conte\u00fado incorporado:<\/strong> Artigos neste site podem incluir conte\u00fado incorporado (ex: v\u00eddeos do YouTube, mapas). Conte\u00fados incorporados de outros sites se comportam exatamente da mesma forma como se o visitante estivesse visitando o outro site, podendo estes coletar dados sobre voc\u00ea.<\/li>\n<\/ul>\n\n\n\n<p class=\"has-medium-font-size\"><strong>Por quanto tempo mantemos os seus dados<\/strong> <\/p>\n\n\n\n<p style=\"font-size:18px\">Para usu\u00e1rios que se registram no nosso site ou enviam projetos, guardamos as informa\u00e7\u00f5es pessoais fornecidas indefinidamente para manter o hist\u00f3rico do portf\u00f3lio acad\u00eamico. Todos os usu\u00e1rios podem ver, editar ou excluir suas informa\u00e7\u00f5es pessoais a qualquer momento (exceto alterar o nome de usu\u00e1rio). Os administradores do site tamb\u00e9m podem ver e editar estas informa\u00e7\u00f5es.<\/p>\n\n\n\n<p class=\"has-medium-font-size\"><strong>Seus direitos sobre seus dados<\/strong> <\/p>\n\n\n\n<p style=\"font-size:18px\">Se voc\u00ea tiver uma conta neste site, tiver deixado coment\u00e1rios ou submetido projetos, pode solicitar um arquivo exportado dos dados pessoais que mantemos sobre voc\u00ea. Tamb\u00e9m pode solicitar que removamos qualquer dado pessoal. Isto n\u00e3o inclui dados que somos obrigados a manter para prop\u00f3sitos administrativos, legais ou de seguran\u00e7a.<\/p>\n\n\n\n<p><\/p>\n","protected":false},"excerpt":{"rendered":"<p>Quem somos O endere\u00e7o do nosso site \u00e9: https:\/\/inovaengenharia.com. Somos uma iniciativa de extens\u00e3o acad\u00eamica vinculada ao curso de Engenharia Civil da Christus Faculdade do Piau\u00ed (CHRISFAPI), focada em disseminar conhecimentos sobre BIM e Engenharia 4.0. Coleta de Dados e Formul\u00e1rios Quando voc\u00ea utiliza nosso formul\u00e1rio de &#8220;Contato&#8221; ou &#8220;Submiss\u00e3o de Projetos&#8221;, coletamos dados como [&hellip;]<\/p>\n","protected":false},"author":1,"featured_media":0,"parent":0,"menu_order":0,"comment_status":"closed","ping_status":"closed","template":"","meta":{"footnotes":""},"class_list":["post-9","page","type-page","status-publish","hentry"],"yoast_head":"<!-- This site is optimized with the Yoast SEO plugin v26.4 - https:\/\/yoast.com\/wordpress\/plugins\/seo\/ -->\n<title>Pol\u00edtica de privacidade - Inova Engenharia<\/title>\n<meta name=\"robots\" content=\"index, follow, max-snippet:-1, max-image-preview:large, max-video-preview:-1\" \/>\n<link rel=\"canonical\" href=\"https:\/\/inovaengenharia.com\/?page_id=9\" \/>\n<meta property=\"og:locale\" content=\"pt_BR\" \/>\n<meta property=\"og:type\" content=\"article\" \/>\n<meta property=\"og:title\" content=\"Pol\u00edtica de privacidade - Inova Engenharia\" \/>\n<meta property=\"og:description\" content=\"Quem somos O endere\u00e7o do nosso site \u00e9: https:\/\/inovaengenharia.com. Somos uma iniciativa de extens\u00e3o acad\u00eamica vinculada ao curso de Engenharia Civil da Christus Faculdade do Piau\u00ed (CHRISFAPI), focada em disseminar conhecimentos sobre BIM e Engenharia 4.0. Coleta de Dados e Formul\u00e1rios Quando voc\u00ea utiliza nosso formul\u00e1rio de &#8220;Contato&#8221; ou &#8220;Submiss\u00e3o de Projetos&#8221;, coletamos dados como [&hellip;]\" \/>\n<meta property=\"og:url\" content=\"https:\/\/inovaengenharia.com\/?page_id=9\" \/>\n<meta property=\"og:site_name\" content=\"Inova Engenharia\" \/>\n<meta name=\"twitter:card\" content=\"summary_large_image\" \/>\n<meta name=\"twitter:label1\" content=\"Est. tempo de leitura\" \/>\n\t<meta name=\"twitter:data1\" content=\"2 minutos\" \/>\n<script type=\"application\/ld+json\" class=\"yoast-schema-graph\">{\"@context\":\"https:\/\/schema.org\",\"@graph\":[{\"@type\":\"WebPage\",\"@id\":\"https:\/\/inovaengenharia.com\/?page_id=9\",\"url\":\"https:\/\/inovaengenharia.com\/?page_id=9\",\"name\":\"Pol\u00edtica de privacidade - Inova Engenharia\",\"isPartOf\":{\"@id\":\"https:\/\/inovaengenharia.com\/#website\"},\"datePublished\":\"2025-11-20T17:04:09+00:00\",\"breadcrumb\":{\"@id\":\"https:\/\/inovaengenharia.com\/?page_id=9#breadcrumb\"},\"inLanguage\":\"pt-BR\",\"potentialAction\":[{\"@type\":\"ReadAction\",\"target\":[\"https:\/\/inovaengenharia.com\/?page_id=9\"]}]},{\"@type\":\"BreadcrumbList\",\"@id\":\"https:\/\/inovaengenharia.com\/?page_id=9#breadcrumb\",\"itemListElement\":[{\"@type\":\"ListItem\",\"position\":1,\"name\":\"In\u00edcio\",\"item\":\"https:\/\/inovaengenharia.com\/\"},{\"@type\":\"ListItem\",\"position\":2,\"name\":\"Pol\u00edtica de privacidade\"}]},{\"@type\":\"WebSite\",\"@id\":\"https:\/\/inovaengenharia.com\/#website\",\"url\":\"https:\/\/inovaengenharia.com\/\",\"name\":\"Inova Engenharia\",\"description\":\"Conectando Inova\u00e7\u00e3o e Conhecimento\",\"potentialAction\":[{\"@type\":\"SearchAction\",\"target\":{\"@type\":\"EntryPoint\",\"urlTemplate\":\"https:\/\/inovaengenharia.com\/?s={search_term_string}\"},\"query-input\":{\"@type\":\"PropertyValueSpecification\",\"valueRequired\":true,\"valueName\":\"search_term_string\"}}],\"inLanguage\":\"pt-BR\"}]}<\/script>\n<!-- \/ Yoast SEO plugin. -->","yoast_head_json":{"title":"Pol\u00edtica de privacidade - Inova Engenharia","robots":{"index":"index","follow":"follow","max-snippet":"max-snippet:-1","max-image-preview":"max-image-preview:large","max-video-preview":"max-video-preview:-1"},"canonical":"https:\/\/inovaengenharia.com\/?page_id=9","og_locale":"pt_BR","og_type":"article","og_title":"Pol\u00edtica de privacidade - Inova Engenharia","og_description":"Quem somos O endere\u00e7o do nosso site \u00e9: https:\/\/inovaengenharia.com. Somos uma iniciativa de extens\u00e3o acad\u00eamica vinculada ao curso de Engenharia Civil da Christus Faculdade do Piau\u00ed (CHRISFAPI), focada em disseminar conhecimentos sobre BIM e Engenharia 4.0. Coleta de Dados e Formul\u00e1rios Quando voc\u00ea utiliza nosso formul\u00e1rio de &#8220;Contato&#8221; ou &#8220;Submiss\u00e3o de Projetos&#8221;, coletamos dados como [&hellip;]","og_url":"https:\/\/inovaengenharia.com\/?page_id=9","og_site_name":"Inova Engenharia","twitter_card":"summary_large_image","twitter_misc":{"Est. tempo de leitura":"2 minutos"},"schema":{"@context":"https:\/\/schema.org","@graph":[{"@type":"WebPage","@id":"https:\/\/inovaengenharia.com\/?page_id=9","url":"https:\/\/inovaengenharia.com\/?page_id=9","name":"Pol\u00edtica de privacidade - Inova Engenharia","isPartOf":{"@id":"https:\/\/inovaengenharia.com\/#website"},"datePublished":"2025-11-20T17:04:09+00:00","breadcrumb":{"@id":"https:\/\/inovaengenharia.com\/?page_id=9#breadcrumb"},"inLanguage":"pt-BR","potentialAction":[{"@type":"ReadAction","target":["https:\/\/inovaengenharia.com\/?page_id=9"]}]},{"@type":"BreadcrumbList","@id":"https:\/\/inovaengenharia.com\/?page_id=9#breadcrumb","itemListElement":[{"@type":"ListItem","position":1,"name":"In\u00edcio","item":"https:\/\/inovaengenharia.com\/"},{"@type":"ListItem","position":2,"name":"Pol\u00edtica de privacidade"}]},{"@type":"WebSite","@id":"https:\/\/inovaengenharia.com\/#website","url":"https:\/\/inovaengenharia.com\/","name":"Inova Engenharia","description":"Conectando Inova\u00e7\u00e3o e Conhecimento","potentialAction":[{"@type":"SearchAction","target":{"@type":"EntryPoint","urlTemplate":"https:\/\/inovaengenharia.com\/?s={search_term_string}"},"query-input":{"@type":"PropertyValueSpecification","valueRequired":true,"valueName":"search_term_string"}}],"inLanguage":"pt-BR"}]}},"_hostinger_reach_plugin_has_subscription_block":false,"_hostinger_reach_plugin_is_elementor":false,"_links":{"self":[{"href":"https:\/\/inovaengenharia.com\/index.php?rest_route=\/wp\/v2\/pages\/9","targetHints":{"allow":["GET"]}}],"collection":[{"href":"https:\/\/inovaengenharia.com\/index.php?rest_route=\/wp\/v2\/pages"}],"about":[{"href":"https:\/\/inovaengenharia.com\/index.php?rest_route=\/wp\/v2\/types\/page"}],"author":[{"embeddable":true,"href":"https:\/\/inovaengenharia.com\/index.php?rest_route=\/wp\/v2\/users\/1"}],"replies":[{"embeddable":true,"href":"https:\/\/inovaengenharia.com\/index.php?rest_route=%2Fwp%2Fv2%2Fcomments&post=9"}],"version-history":[{"count":1,"href":"https:\/\/inovaengenharia.com\/index.php?rest_route=\/wp\/v2\/pages\/9\/revisions"}],"predecessor-version":[{"id":11,"href":"https:\/\/inovaengenharia.com\/index.php?rest_route=\/wp\/v2\/pages\/9\/revisions\/11"}],"wp:attachment":[{"href":"https:\/\/inovaengenharia.com\/index.php?rest_route=%2Fwp%2Fv2%2Fmedia&parent=9"}],"curies":[{"name":"wp","href":"https:\/\/api.w.org\/{rel}","templated":true}]}}